{"id":657,"date":"2023-01-16T22:25:25","date_gmt":"2023-01-16T21:25:25","guid":{"rendered":"https:\/\/zepp-hammelburg.de\/?page_id=657"},"modified":"2023-01-16T22:25:26","modified_gmt":"2023-01-16T21:25:26","slug":"leistungen-2","status":"publish","type":"page","link":"https:\/\/zepp-hammelburg.de\/?page_id=657","title":{"rendered":"Leistungen"},"content":{"rendered":"<p><section class=\"kc-elm kc-css-721174 kc_row\"><div class=\"kc-row-container  kc-container\"><div class=\"kc-wrap-columns\"><div class=\"kc-elm kc-css-318918 kc_col-sm-12 kc_column kc_col-sm-12\"><div class=\"kc-col-container\"><div class=\"kc-elm kc-css-726742\" style=\"height: 20px; clear: both; width:100%;\"><\/div><\/div><\/div><\/div><\/div><\/section><section class=\"kc-elm kc-css-399720 kc_row\"><div class=\"kc-row-container  kc-container\"><div class=\"kc-wrap-columns\"><div class=\"kc-elm kc-css-661635 kc_col-sm-6 kc_column kc_col-sm-6\"><div class=\"kc-col-container\"><div class=\"kc-elm kc-css-539855 kc_text_block\"><\/p>\n<div class=\"fusion-text fusion-text-4 fusion-text-no-margin\" style=\"--awb-content-alignment: initial; --awb-font-size: inherit; --awb-line-height: inherit; --awb-letter-spacing: inherit; --awb-text-transform: inherit; --awb-text-color: inherit; --awb-text-font-family: inherit; --awb-text-font-style: inherit; --awb-text-font-weight: inherit; --awb-columns: var(--text_columns, auto); --awb-column-spacing: var(--text_column_spacing, normal); --awb-column-min-width: var(--text_column_min_width, auto); --awb-rule-style: var(--text_rule_style, initial); --awb-margin-top: 0; --awb-margin-right: 0; --awb-margin-bottom: 40px; --awb-margin-left: 0; font-size: 18px; line-height: var(--awb-line-height);\">\n<ul>\n<li style=\"text-align: left;\"><u><b><i><span style=\"color: #000000;\">&nbsp;<\/span><\/i><\/b><\/u><\/li>\n<li style=\"text-align: left;\"><u><b><i><span style=\"color: #000000;\">Unser Leistungsspektrum<\/span><\/i><\/b><\/u><\/li>\n<li style=\"text-align: left;\"><u><b><i><span style=\"color: #000000;\">in der Physiotherapie, Krankengymnastik und Gesundheitsvorsorge<\/span><\/i><\/b><\/u><\/li>\n<li style=\"font-weight: bold; text-align: left;\"><i><span style=\"color: #000000;\">&nbsp;<\/span><\/i><\/li>\n<li style=\"text-align: left;\"><i><span style=\"color: #000000;\">Wir behandeln Sie mit neuen und bew\u00e4hrten klassischen Methoden der Physiotherapie.<\/span><\/i><\/li>\n<li style=\"text-align: left;\"><i><span style=\"color: #000000;\">&nbsp;<\/span><\/i><\/li>\n<li style=\"text-align: left;\"><i><span style=\"color: #000000;\">Egal woher Ihre Beschwerden im Bewegungs-, Lymph- oder Venensystem kommen &#8211; ob durch Bewegungsmangel, ung\u00fcnstige Alltagspostionen\/-aktivit\u00e4ten oder durch Unfall\/Verletzungen &#8211; sind Sie bei uns in erfahrenen H\u00e4nden.<\/span><\/i><\/li>\n<li style=\"text-align: left;\"><i><span style=\"color: #000000;\">Dar\u00fcberhinaus bieten wir Ihnen zahlreiche M\u00f6glichkeiten, wieder fit zu werden und gesund zu bleiben.<\/span><\/i><\/li>\n<li style=\"font-weight: bold; text-align: left;\"><i><span style=\"color: #000000;\">&nbsp;<\/span><\/i><\/li>\n<li style=\"text-align: left;\"><b><i><span style=\"color: #000000;\">Wir behandeln mit den folgenden Heilmitteln:<\/span><\/i><\/b><\/li>\n<\/ul>\n<\/div>\n<div class=\"fusion-text fusion-text-6 list__style\" style=\"--awb-content-alignment: initial; --awb-font-size: inherit; --awb-line-height: inherit; --awb-letter-spacing: inherit; --awb-text-transform: inherit; --awb-text-color: inherit; --awb-text-font-family: inherit; --awb-text-font-style: inherit; --awb-text-font-weight: inherit; --awb-columns: var(--text_columns, auto); --awb-column-spacing: var(--text_column_spacing, normal); --awb-column-min-width: var(--text_column_min_width, auto); --awb-rule-style: var(--text_rule_style, initial); --awb-margin-top: 0; --awb-margin-right: 0; --awb-margin-bottom: 0; --awb-margin-left: 0; font-size: 18px; line-height: var(--awb-line-height);\">\n<ul>\n<li style=\"text-align: left;\"><i><span style=\"color: #000000;\">Allgemeine Krankengymnastik\/Krankengymnastik [KG]<\/span><\/i><\/li>\n<li style=\"text-align: left;\"><i><span style=\"color: #000000;\">Manuelle Therapie [MT]<\/span><\/i><\/li>\n<li style=\"text-align: left;\"><i><span style=\"color: #000000;\">Krankengymnastik am Ger\u00e4t [KGG]<\/span><\/i><\/li>\n<li style=\"text-align: left;\"><i><span style=\"color: #000000;\">Klassische Massagetherapie (medizinische Massage) [KMT]<\/span><\/i><\/li>\n<li style=\"text-align: left;\"><i><span style=\"color: #000000;\">Elektrotherapie [ET]<\/span><\/i><\/li>\n<li style=\"text-align: left;\"><i><span style=\"color: #000000;\">Manuelle Lymphdrainage [MLD]<\/span><\/i><\/li>\n<li style=\"text-align: left;\"><i><span style=\"color: #000000;\">Kompressionsbandagierung<\/span><\/i><\/li>\n<li style=\"text-align: left;\"><i><span style=\"color: #000000;\">Bindegewebsmassage [BGM]<\/span><\/i><\/li>\n<li style=\"text-align: left;\"><i><span style=\"color: #000000;\">Segmentmassage<\/span><\/i><\/li>\n<li style=\"text-align: left;\"><i><span style=\"color: #000000;\">Colonmassage<\/span><\/i><\/li>\n<li style=\"text-align: left;\"><i><span style=\"color: #000000;\">Atemtherapie (KG Atemtherapie) [ATG]<\/span><\/i><\/li>\n<li style=\"text-align: left;\"><i><span style=\"color: #000000;\">Krankengymnastik ZNS [KG ZNS]<\/span><\/i><\/li>\n<li style=\"text-align: left;\"><i><span style=\"color: #000000;\">Krankengymnastik auf neurophysiologischer Grundlage [KGN]<\/span><\/i><\/li>\n<li style=\"text-align: left;\"><i><span style=\"color: #000000;\">K\u00e4ltetherapie<\/span><\/i><\/li>\n<li style=\"text-align: left;\"><i><span style=\"color: #000000;\">W\u00e4rmetherapie (Hei\u00dfluft, Hei\u00dfe Rolle, Fango)<\/span><\/i><\/li>\n<li style=\"text-align: left;\"><i><span style=\"color: #000000;\">Myofasziale Triggerpunkt-Therapie<\/span><\/i><\/li>\n<li style=\"text-align: left;\"><i><span style=\"color: #000000;\">Beckenbodenkr\u00e4ftigung<\/span><\/i><\/li>\n<li style=\"text-align: left;\"><i><span style=\"color: #000000;\">&nbsp;<\/span><\/i><\/li>\n<li style=\"text-align: left;\"><i><span style=\"color: #000000;\">Alle Leistungen erhalten Sie mit einer Heilmittelverordnung.<\/span><\/i><\/li>\n<\/ul>\n<\/div>\n<p>\n<\/div><\/div><\/div><div class=\"kc-elm kc-css-37906 kc_col-sm-6 kc_column kc_col-sm-6\"><div class=\"kc-col-container\"><div class=\"kc-elm kc-css-334006 kc_shortcode kc_single_image\">\n\n        <img decoding=\"async\" src=\"https:\/\/zepp-hammelburg.de\/wp-content\/uploads\/2023\/04\/2023-03-13_ZePP_Physiotherapie-9-scaled.jpg\" class=\"\" alt=\"\" \/>    <\/div>\n<div class=\"kc-elm kc-css-249767\" style=\"height: 75px; clear: both; width:100%;\"><\/div><div class=\"kc-elm kc-css-358963 kc_shortcode kc_single_image\">\n\n        <img decoding=\"async\" src=\"https:\/\/zepp-hammelburg.de\/wp-content\/uploads\/2023\/04\/2023-03-13_ZePP_Physiotherapie-10-scaled.jpg\" class=\"\" alt=\"\" \/>    <\/div>\n<\/div><\/div><\/div><\/div><\/section><section class=\"kc-elm kc-css-377912 kc_row\"><div class=\"kc-row-container  kc-container\"><div class=\"kc-wrap-columns\"><div class=\"kc-elm kc-css-127765 kc_col-sm-12 kc_column kc_col-sm-12\"><div class=\"kc-col-container\"><div class=\"kc-elm kc-css-430709\" style=\"height: 20px; clear: both; width:100%;\"><\/div><\/div><\/div><\/div><\/div><\/section><\/p>\n","protected":false},"excerpt":{"rendered":"","protected":false},"author":1,"featured_media":0,"parent":0,"menu_order":0,"comment_status":"closed","ping_status":"closed","template":"","meta":{"footnotes":""},"class_list":["post-657","page","type-page","status-publish","hentry"],"_links":{"self":[{"href":"https:\/\/zepp-hammelburg.de\/index.php?rest_route=\/wp\/v2\/pages\/657","targetHints":{"allow":["GET"]}}],"collection":[{"href":"https:\/\/zepp-hammelburg.de\/index.php?rest_route=\/wp\/v2\/pages"}],"about":[{"href":"https:\/\/zepp-hammelburg.de\/index.php?rest_route=\/wp\/v2\/types\/page"}],"author":[{"embeddable":true,"href":"https:\/\/zepp-hammelburg.de\/index.php?rest_route=\/wp\/v2\/users\/1"}],"replies":[{"embeddable":true,"href":"https:\/\/zepp-hammelburg.de\/index.php?rest_route=%2Fwp%2Fv2%2Fcomments&post=657"}],"version-history":[{"count":1,"href":"https:\/\/zepp-hammelburg.de\/index.php?rest_route=\/wp\/v2\/pages\/657\/revisions"}],"predecessor-version":[{"id":658,"href":"https:\/\/zepp-hammelburg.de\/index.php?rest_route=\/wp\/v2\/pages\/657\/revisions\/658"}],"wp:attachment":[{"href":"https:\/\/zepp-hammelburg.de\/index.php?rest_route=%2Fwp%2Fv2%2Fmedia&parent=657"}],"curies":[{"name":"wp","href":"https:\/\/api.w.org\/{rel}","templated":true}]}}